{"id":2091,"date":"2024-07-03T11:48:03","date_gmt":"2024-10-22T11:58:46","guid":{"rendered":"https:\/\/skatula.hr\/proizvod\/klasuni\/"},"modified":"2024-10-23T07:32:25","modified_gmt":"2024-10-23T07:32:25","slug":"klasuni","status":"publish","type":"product","link":"https:\/\/skatula.hr\/en\/proizvod\/klasuni\/","title":{"rendered":"Kla\u0161uni"},"content":{"rendered":"<div class=\"et_pb_toggle_content clearfix\">\n<p>Kla\u0161un is a soft and crumbly Kor\u010dula specialty traditionally served with homemade pro\u0161ek. They are filled with an almond filling with added lemon and orange zest and a special spice (ammonia) that gives it a distinctive taste and Mediterranean scent. <\/p>\n<\/div>\n","protected":false},"excerpt":{"rendered":"<p>Kla\u0161un is a soft and crumbly Kor\u010dula specialty traditionally served with homemade pro\u0161ek. They are filled with an almond filling with added lemon and orange zest and a special spice (ammonia) that gives it a distinctive taste and Mediterranean scent.<\/p>\n","protected":false},"featured_media":1844,"comment_status":"open","ping_status":"closed","template":"","meta":{"_et_pb_use_builder":"","_et_pb_old_content":"","_et_gb_content_width":""},"product_brand":[],"product_cat":[68],"product_tag":[],"class_list":{"0":"post-2091","1":"product","2":"type-product","3":"status-publish","4":"has-post-thumbnail","6":"product_cat-tradicionani-kolaci-en","8":"first","9":"instock","10":"taxable","11":"shipping-taxable","12":"purchasable","13":"product-type-simple"},"_links":{"self":[{"href":"https:\/\/skatula.hr\/en\/wp-json\/wp\/v2\/product\/2091","targetHints":{"allow":["GET"]}}],"collection":[{"href":"https:\/\/skatula.hr\/en\/wp-json\/wp\/v2\/product"}],"about":[{"href":"https:\/\/skatula.hr\/en\/wp-json\/wp\/v2\/types\/product"}],"replies":[{"embeddable":true,"href":"https:\/\/skatula.hr\/en\/wp-json\/wp\/v2\/comments?post=2091"}],"wp:featuredmedia":[{"embeddable":true,"href":"https:\/\/skatula.hr\/en\/wp-json\/wp\/v2\/media\/1844"}],"wp:attachment":[{"href":"https:\/\/skatula.hr\/en\/wp-json\/wp\/v2\/media?parent=2091"}],"wp:term":[{"taxonomy":"product_brand","embeddable":true,"href":"https:\/\/skatula.hr\/en\/wp-json\/wp\/v2\/product_brand?post=2091"},{"taxonomy":"product_cat","embeddable":true,"href":"https:\/\/skatula.hr\/en\/wp-json\/wp\/v2\/product_cat?post=2091"},{"taxonomy":"product_tag","embeddable":true,"href":"https:\/\/skatula.hr\/en\/wp-json\/wp\/v2\/product_tag?post=2091"}],"curies":[{"name":"wp","href":"https:\/\/api.w.org\/{rel}","templated":true}]}}